{"id":2687,"date":"2026-02-08T17:37:19","date_gmt":"2026-02-08T16:37:19","guid":{"rendered":"https:\/\/tomamoscafe.hatthieves.es\/?page_id=2687"},"modified":"2026-02-08T17:37:20","modified_gmt":"2026-02-08T16:37:20","slug":"cultura-y-entetenimieto","status":"publish","type":"page","link":"https:\/\/cafefriki.com\/?page_id=2687","title":{"rendered":"Cultura y entetenimieto"},"content":{"rendered":"\n<h3 class=\"wp-block-heading\">Cultura y Entretenimiento<\/h3>\n\n\n\n<p>Bienvenido a este espacio dedicado a la cultura y el entretenimiento en todas sus formas. Aqu\u00ed encontrar\u00e1s un recorrido por las historias, sonidos e ideas que marcan nuestro tiempo y alimentan la creatividad. Este blog nace con el objetivo de informar, inspirar y acompa\u00f1ar a quienes disfrutan del buen contenido y de las experiencias culturales.<\/p>\n\n\n\n<p>El sitio se organiza en distintas secciones para que puedas explorar seg\u00fan tus intereses:<\/p>\n\n\n\n<ul class=\"wp-block-list\">\n<li><strong>Cine<\/strong>: estrenos, cl\u00e1sicos, rese\u00f1as y an\u00e1lisis del s\u00e9ptimo arte.<\/li>\n\n\n\n<li><strong>Series<\/strong>: recomendaciones, novedades y conversaciones sobre las producciones m\u00e1s comentadas.<\/li>\n\n\n\n<li><strong>M\u00fasica<\/strong>: artistas, g\u00e9neros, lanzamientos y el poder de la m\u00fasica como expresi\u00f3n cultural.<\/li>\n\n\n\n<li><strong>Lectura<\/strong>: libros, autores y reflexiones para amantes de la literatura.<\/li>\n\n\n\n<li><strong>Documentales<\/strong>: miradas profundas a historias reales que informan, cuestionan y transforman.<\/li>\n<\/ul>\n","protected":false},"excerpt":{"rendered":"<p>Cultura y Entretenimiento Bienvenido a este espacio dedicado a la cultura y el entretenimiento en todas sus formas. Aqu\u00ed encontrar\u00e1s un recorrido por las historias, sonidos e ideas que marcan nuestro tiempo y alimentan la creatividad. Este blog nace con el objetivo de informar, inspirar y acompa\u00f1ar a quienes disfrutan del buen contenido y de [&hellip;]<\/p>\n","protected":false},"author":1,"featured_media":0,"parent":0,"menu_order":0,"comment_status":"closed","ping_status":"closed","template":"","meta":{"site-sidebar-layout":"default","site-content-layout":"","ast-site-content-layout":"default","site-content-style":"default","site-sidebar-style":"default","ast-global-header-display":"","ast-banner-title-visibility":"","ast-main-header-display":"","ast-hfb-above-header-display":"","ast-hfb-below-header-display":"","ast-hfb-mobile-header-display":"","site-post-title":"","ast-breadcrumbs-content":"","ast-featured-img":"","footer-sml-layout":"","ast-disable-related-posts":"","theme-transparent-header-meta":"","adv-header-id-meta":"","stick-header-meta":"","header-above-stick-meta":"","header-main-stick-meta":"","header-below-stick-meta":"","astra-migrate-meta-layouts":"default","ast-page-background-enabled":"default","ast-page-background-meta":{"desktop":{"background-color":"var(--ast-global-color-5)","background-image":"","background-repeat":"repeat","background-position":"center center","background-size":"auto","background-attachment":"scroll","background-type":"","background-media":"","overlay-type":"","overlay-color":"","overlay-opacity":"","overlay-gradient":""},"tablet":{"background-color":"","background-image":"","background-repeat":"repeat","background-position":"center center","background-size":"auto","background-attachment":"scroll","background-type":"","background-media":"","overlay-type":"","overlay-color":"","overlay-opacity":"","overlay-gradient":""},"mobile":{"background-color":"","background-image":"","background-repeat":"repeat","background-position":"center center","background-size":"auto","background-attachment":"scroll","background-type":"","background-media":"","overlay-type":"","overlay-color":"","overlay-opacity":"","overlay-gradient":""}},"ast-content-background-meta":{"desktop":{"background-color":"var(--ast-global-color-4)","background-image":"","background-repeat":"repeat","background-position":"center center","background-size":"auto","background-attachment":"scroll","background-type":"","background-media":"","overlay-type":"","overlay-color":"","overlay-opacity":"","overlay-gradient":""},"tablet":{"background-color":"var(--ast-global-color-4)","background-image":"","background-repeat":"repeat","background-position":"center center","background-size":"auto","background-attachment":"scroll","background-type":"","background-media":"","overlay-type":"","overlay-color":"","overlay-opacity":"","overlay-gradient":""},"mobile":{"background-color":"var(--ast-global-color-4)","background-image":"","background-repeat":"repeat","background-position":"center center","background-size":"auto","background-attachment":"scroll","background-type":"","background-media":"","overlay-type":"","overlay-color":"","overlay-opacity":"","overlay-gradient":""}},"jetpack_post_was_ever_published":false,"footnotes":""},"class_list":["post-2687","page","type-page","status-publish","hentry"],"jetpack_sharing_enabled":true,"_links":{"self":[{"href":"https:\/\/cafefriki.com\/index.php?rest_route=\/wp\/v2\/pages\/2687","targetHints":{"allow":["GET"]}}],"collection":[{"href":"https:\/\/cafefriki.com\/index.php?rest_route=\/wp\/v2\/pages"}],"about":[{"href":"https:\/\/cafefriki.com\/index.php?rest_route=\/wp\/v2\/types\/page"}],"author":[{"embeddable":true,"href":"https:\/\/cafefriki.com\/index.php?rest_route=\/wp\/v2\/users\/1"}],"replies":[{"embeddable":true,"href":"https:\/\/cafefriki.com\/index.php?rest_route=%2Fwp%2Fv2%2Fcomments&post=2687"}],"version-history":[{"count":1,"href":"https:\/\/cafefriki.com\/index.php?rest_route=\/wp\/v2\/pages\/2687\/revisions"}],"predecessor-version":[{"id":2688,"href":"https:\/\/cafefriki.com\/index.php?rest_route=\/wp\/v2\/pages\/2687\/revisions\/2688"}],"wp:attachment":[{"href":"https:\/\/cafefriki.com\/index.php?rest_route=%2Fwp%2Fv2%2Fmedia&parent=2687"}],"curies":[{"name":"wp","href":"https:\/\/api.w.org\/{rel}","templated":true}]}}