{"id":2693,"date":"2026-02-08T17:47:05","date_gmt":"2026-02-08T16:47:05","guid":{"rendered":"https:\/\/tomamoscafe.hatthieves.es\/?page_id=2693"},"modified":"2026-02-08T17:47:06","modified_gmt":"2026-02-08T16:47:06","slug":"historias-y-curiosidades","status":"publish","type":"page","link":"https:\/\/cafefriki.com\/?page_id=2693","title":{"rendered":"Historias y Curiosidades"},"content":{"rendered":"\n<p>\u00a1Hola y bienvenidos! Este es un espacio donde la curiosidad se convierte en aventura y las historias cobran vida. Aqu\u00ed exploraremos todo tipo de relatos fascinantes, desde an\u00e9cdotas y leyendas de Internet hasta comparativas de sagas que marcaron generaciones. Nuestro objetivo es entretener, informar y, por qu\u00e9 no, sorprenderte con datos que probablemente no conoc\u00edas.<\/p>\n\n\n\n<h2 class=\"wp-block-heading\">Historias de Internet<\/h2>\n\n\n\n<p>En esta secci\u00f3n nos sumergiremos en los rincones m\u00e1s curiosos de la red: memes que se volvieron virales, leyendas urbanas digitales, fen\u00f3menos extra\u00f1os y, por supuesto, los personajes m\u00e1s ic\u00f3nicos que han dejado su huella en la historia de Internet. Cada historia viene con un toque de contexto y curiosidades que la hacen a\u00fan m\u00e1s interesante.<\/p>\n\n\n\n<h2 class=\"wp-block-heading\">Comparativa de Sagas<\/h2>\n\n\n\n<p>\u00bfEres fan de las sagas m\u00e1s \u00e9picas de pel\u00edculas, videojuegos o libros? Aqu\u00ed analizamos, comparamos y debatimos sobre ellas. Desde la evoluci\u00f3n de personajes, giros de la trama, hasta los detalles que solo los fans m\u00e1s atentos notaron. No solo se trata de elegir un \u201cganador\u201d, sino de descubrir qu\u00e9 hace especial a cada saga y c\u00f3mo ha influido en la cultura popular.<\/p>\n","protected":false},"excerpt":{"rendered":"<p>\u00a1Hola y bienvenidos! Este es un espacio donde la curiosidad se convierte en aventura y las historias cobran vida. Aqu\u00ed exploraremos todo tipo de relatos fascinantes, desde an\u00e9cdotas y leyendas de Internet hasta comparativas de sagas que marcaron generaciones. Nuestro objetivo es entretener, informar y, por qu\u00e9 no, sorprenderte con datos que probablemente no conoc\u00edas. [&hellip;]<\/p>\n","protected":false},"author":1,"featured_media":0,"parent":0,"menu_order":0,"comment_status":"closed","ping_status":"closed","template":"","meta":{"site-sidebar-layout":"default","site-content-layout":"","ast-site-content-layout":"default","site-content-style":"default","site-sidebar-style":"default","ast-global-header-display":"","ast-banner-title-visibility":"","ast-main-header-display":"","ast-hfb-above-header-display":"","ast-hfb-below-header-display":"","ast-hfb-mobile-header-display":"","site-post-title":"","ast-breadcrumbs-content":"","ast-featured-img":"","footer-sml-layout":"","ast-disable-related-posts":"","theme-transparent-header-meta":"","adv-header-id-meta":"","stick-header-meta":"","header-above-stick-meta":"","header-main-stick-meta":"","header-below-stick-meta":"","astra-migrate-meta-layouts":"default","ast-page-background-enabled":"default","ast-page-background-meta":{"desktop":{"background-color":"var(--ast-global-color-5)","background-image":"","background-repeat":"repeat","background-position":"center center","background-size":"auto","background-attachment":"scroll","background-type":"","background-media":"","overlay-type":"","overlay-color":"","overlay-opacity":"","overlay-gradient":""},"tablet":{"background-color":"","background-image":"","background-repeat":"repeat","background-position":"center center","background-size":"auto","background-attachment":"scroll","background-type":"","background-media":"","overlay-type":"","overlay-color":"","overlay-opacity":"","overlay-gradient":""},"mobile":{"background-color":"","background-image":"","background-repeat":"repeat","background-position":"center center","background-size":"auto","background-attachment":"scroll","background-type":"","background-media":"","overlay-type":"","overlay-color":"","overlay-opacity":"","overlay-gradient":""}},"ast-content-background-meta":{"desktop":{"background-color":"var(--ast-global-color-4)","background-image":"","background-repeat":"repeat","background-position":"center center","background-size":"auto","background-attachment":"scroll","background-type":"","background-media":"","overlay-type":"","overlay-color":"","overlay-opacity":"","overlay-gradient":""},"tablet":{"background-color":"var(--ast-global-color-4)","background-image":"","background-repeat":"repeat","background-position":"center center","background-size":"auto","background-attachment":"scroll","background-type":"","background-media":"","overlay-type":"","overlay-color":"","overlay-opacity":"","overlay-gradient":""},"mobile":{"background-color":"var(--ast-global-color-4)","background-image":"","background-repeat":"repeat","background-position":"center center","background-size":"auto","background-attachment":"scroll","background-type":"","background-media":"","overlay-type":"","overlay-color":"","overlay-opacity":"","overlay-gradient":""}},"jetpack_post_was_ever_published":false,"footnotes":""},"class_list":["post-2693","page","type-page","status-publish","hentry"],"jetpack_sharing_enabled":true,"_links":{"self":[{"href":"https:\/\/cafefriki.com\/index.php?rest_route=\/wp\/v2\/pages\/2693","targetHints":{"allow":["GET"]}}],"collection":[{"href":"https:\/\/cafefriki.com\/index.php?rest_route=\/wp\/v2\/pages"}],"about":[{"href":"https:\/\/cafefriki.com\/index.php?rest_route=\/wp\/v2\/types\/page"}],"author":[{"embeddable":true,"href":"https:\/\/cafefriki.com\/index.php?rest_route=\/wp\/v2\/users\/1"}],"replies":[{"embeddable":true,"href":"https:\/\/cafefriki.com\/index.php?rest_route=%2Fwp%2Fv2%2Fcomments&post=2693"}],"version-history":[{"count":1,"href":"https:\/\/cafefriki.com\/index.php?rest_route=\/wp\/v2\/pages\/2693\/revisions"}],"predecessor-version":[{"id":2694,"href":"https:\/\/cafefriki.com\/index.php?rest_route=\/wp\/v2\/pages\/2693\/revisions\/2694"}],"wp:attachment":[{"href":"https:\/\/cafefriki.com\/index.php?rest_route=%2Fwp%2Fv2%2Fmedia&parent=2693"}],"curies":[{"name":"wp","href":"https:\/\/api.w.org\/{rel}","templated":true}]}}